{"id":103,"date":"2016-04-20T21:48:14","date_gmt":"2016-04-20T19:48:14","guid":{"rendered":"http:\/\/www.schuetzenverein-baerenthal.de\/?page_id=103"},"modified":"2026-04-06T17:36:33","modified_gmt":"2026-04-06T15:36:33","slug":"mitgliedschaft-gebuehren","status":"publish","type":"page","link":"https:\/\/www.schuetzenverein-baerenthal.de\/index.php\/mitgliedschaft-gebuehren\/","title":{"rendered":"Mitgliedschaft &#038; Geb\u00fchren"},"content":{"rendered":"<p><strong>Mitgliedschaft:<\/strong><\/p>\n<p>Aufnahmegeb\u00fchr aktiv: 50,00 Euro<br \/>Jahresbeitrag aktiv: 80,00 Euro<br \/>Jahresbeitrag F\u00f6rderer: 15,00 Euro<br \/>Jahresbeitrag Jugend: 15,00 Euro<\/p>\n<p><strong>Standgeb\u00fchren:<\/strong><\/p>\n<p><span style=\"text-decoration: underline;\">Nicht-Mitglieder<br \/><\/span>Einmalige Benutzung aller St\u00e4nde: 10,00 Euro<br \/><small>(jeweils\u00a0<span style=\"color: #ff0000;\">ohne<\/span>\u00a0Scheiben und Munition)<\/small><\/p>\n<p><span style=\"color: #ff0000;\">Sondervereinbarungen sind mit dem Vereinsvorstand zu besprechen.<\/span><\/p>\n\n\n<div data-wp-interactive=\"core\/file\" class=\"wp-block-file\"><object data-wp-bind--hidden=\"!state.hasPdfPreview\"  class=\"wp-block-file__embed\" data=\"https:\/\/www.schuetzenverein-baerenthal.de\/wp-content\/uploads\/2025\/06\/Aufnahmeantrag-SV-Baerenthal-ab-07-2025-1.pdf\" type=\"application\/pdf\" style=\"width:100%;height:600px\" aria-label=\"Einbettung von Aufnahmeantrag-SV-Baerenthal-ab 07-2025.\"><\/object><a id=\"wp-block-file--media-dac53745-3236-4ec6-b8d8-dffb899abde0\" href=\"https:\/\/www.schuetzenverein-baerenthal.de\/wp-content\/uploads\/2025\/06\/Aufnahmeantrag-SV-Baerenthal-ab-07-2025-1.pdf\">Aufnahmeantrag-SV-Baerenthal-ab 07-2025<\/a><a href=\"https:\/\/www.schuetzenverein-baerenthal.de\/wp-content\/uploads\/2025\/06\/Aufnahmeantrag-SV-Baerenthal-ab-07-2025-1.pdf\" class=\"wp-block-file__button wp-element-button\" download aria-describedby=\"wp-block-file--media-dac53745-3236-4ec6-b8d8-dffb899abde0\">Herunterladen<\/a><\/div>\n\n\n\n\n\n\n","protected":false},"excerpt":{"rendered":"<p>Mitgliedschaft: Aufnahmegeb\u00fchr aktiv: 50,00 EuroJahresbeitrag aktiv: 80,00 EuroJahresbeitrag F\u00f6rderer: 15,00 EuroJahresbeitrag Jugend: 15,00 Euro Standgeb\u00fchren: Nicht-MitgliederEinmalige Benutzung aller St\u00e4nde: 10,00 Euro(jeweils\u00a0ohne\u00a0Scheiben und Munition) Sondervereinbarungen sind mit dem Vereinsvorstand zu besprechen.<\/p>\n","protected":false},"author":1,"featured_media":0,"parent":0,"menu_order":0,"comment_status":"closed","ping_status":"closed","template":"","meta":{"footnotes":""},"class_list":["post-103","page","type-page","status-publish","hentry"],"_links":{"self":[{"href":"https:\/\/www.schuetzenverein-baerenthal.de\/index.php\/wp-json\/wp\/v2\/pages\/103"}],"collection":[{"href":"https:\/\/www.schuetzenverein-baerenthal.de\/index.php\/wp-json\/wp\/v2\/pages"}],"about":[{"href":"https:\/\/www.schuetzenverein-baerenthal.de\/index.php\/wp-json\/wp\/v2\/types\/page"}],"author":[{"embeddable":true,"href":"https:\/\/www.schuetzenverein-baerenthal.de\/index.php\/wp-json\/wp\/v2\/users\/1"}],"replies":[{"embeddable":true,"href":"https:\/\/www.schuetzenverein-baerenthal.de\/index.php\/wp-json\/wp\/v2\/comments?post=103"}],"version-history":[{"count":24,"href":"https:\/\/www.schuetzenverein-baerenthal.de\/index.php\/wp-json\/wp\/v2\/pages\/103\/revisions"}],"predecessor-version":[{"id":3328,"href":"https:\/\/www.schuetzenverein-baerenthal.de\/index.php\/wp-json\/wp\/v2\/pages\/103\/revisions\/3328"}],"wp:attachment":[{"href":"https:\/\/www.schuetzenverein-baerenthal.de\/index.php\/wp-json\/wp\/v2\/media?parent=103"}],"curies":[{"name":"wp","href":"https:\/\/api.w.org\/{rel}","templated":true}]}}