{"id":106,"date":"2016-04-20T21:52:16","date_gmt":"2016-04-20T19:52:16","guid":{"rendered":"http:\/\/www.schuetzenverein-baerenthal.de\/?page_id=106"},"modified":"2025-03-21T14:57:36","modified_gmt":"2025-03-21T13:57:36","slug":"oeffnungszeiten-mi-ab-1830-uhr-sa-ab-1400-uhr","status":"publish","type":"page","link":"https:\/\/www.schuetzenverein-baerenthal.de\/index.php\/oeffnungszeiten-mi-ab-1830-uhr-sa-ab-1400-uhr\/","title":{"rendered":"\u00d6ffnungszeiten"},"content":{"rendered":"<p>\u00d6ffnungszeiten: Mi. ab 18:30 Uhr &amp; Sa. ab 13:30 Uhr<\/p>\n<p>Zu diesen Zeiten ist das Training auf allen St\u00e4nden m\u00f6glich, wer sich f\u00fcr den Schie\u00dfsport interessiert ist jederzeit willkommen und kann es auch mal ausprobieren, verschiedene Vereinswaffen sind vorhanden.<\/p>\n<p>Unsere St\u00e4nde sind f\u00fcr alles zugelassen von Luftdruck \u00fcber Ordonannz bis hin zu Vorderladerwaffen!<\/p>\n<p><span style=\"color: #ff0000;\">Au\u00dferhalb der \u00d6ffnungszeiten kann nur nach Vereinbarung geschossen werden.<br \/><span style=\"color: #000000;\">Telefon: 07466\/927493 od. 01515\/9406666\u00a0 E-Mail: schuetzenverein.baerenthal@gmail.com<\/span><br \/><\/span><\/p>\n<p><strong><span style=\"color: #0000ff;\">Samstags gibt es auch immer Kaffee und Kuchen.<\/span><\/strong><\/p>\n\n\n<p><\/p>\n","protected":false},"excerpt":{"rendered":"<p>\u00d6ffnungszeiten: Mi. ab 18:30 Uhr &amp; Sa. ab 13:30 Uhr Zu diesen Zeiten ist das Training auf allen St\u00e4nden m\u00f6glich, wer sich f\u00fcr den Schie\u00dfsport interessiert ist jederzeit willkommen und<\/p>\n","protected":false},"author":1,"featured_media":0,"parent":0,"menu_order":0,"comment_status":"closed","ping_status":"closed","template":"","meta":{"footnotes":""},"class_list":["post-106","page","type-page","status-publish","hentry"],"_links":{"self":[{"href":"https:\/\/www.schuetzenverein-baerenthal.de\/index.php\/wp-json\/wp\/v2\/pages\/106"}],"collection":[{"href":"https:\/\/www.schuetzenverein-baerenthal.de\/index.php\/wp-json\/wp\/v2\/pages"}],"about":[{"href":"https:\/\/www.schuetzenverein-baerenthal.de\/index.php\/wp-json\/wp\/v2\/types\/page"}],"author":[{"embeddable":true,"href":"https:\/\/www.schuetzenverein-baerenthal.de\/index.php\/wp-json\/wp\/v2\/users\/1"}],"replies":[{"embeddable":true,"href":"https:\/\/www.schuetzenverein-baerenthal.de\/index.php\/wp-json\/wp\/v2\/comments?post=106"}],"version-history":[{"count":7,"href":"https:\/\/www.schuetzenverein-baerenthal.de\/index.php\/wp-json\/wp\/v2\/pages\/106\/revisions"}],"predecessor-version":[{"id":2861,"href":"https:\/\/www.schuetzenverein-baerenthal.de\/index.php\/wp-json\/wp\/v2\/pages\/106\/revisions\/2861"}],"wp:attachment":[{"href":"https:\/\/www.schuetzenverein-baerenthal.de\/index.php\/wp-json\/wp\/v2\/media?parent=106"}],"curies":[{"name":"wp","href":"https:\/\/api.w.org\/{rel}","templated":true}]}}