{"id":88,"date":"2016-04-20T21:39:34","date_gmt":"2016-04-20T19:39:34","guid":{"rendered":"http:\/\/www.schuetzenverein-baerenthal.de\/?page_id=88"},"modified":"2024-01-16T16:28:35","modified_gmt":"2024-01-16T15:28:35","slug":"schuetzenhaus","status":"publish","type":"page","link":"https:\/\/www.schuetzenverein-baerenthal.de\/index.php\/schuetzenhaus\/","title":{"rendered":"Sch\u00fctzenhaus"},"content":{"rendered":"<table style=\"height: 1003px;\" border=\"0\" width=\"828\" cellspacing=\"10\" cellpadding=\"0\">\n<tbody>\n<tr>\n<td width=\"365\">\u00a0<a href=\"http:\/\/www.schuetzenverein-baerenthal.de\/wp-content\/uploads\/2016\/04\/a_Schutzenhaus_klein-1.jpg\" data-rel=\"lightbox-gallery-UrPfv4Kn\" data-rl_title=\"\" data-rl_caption=\"\" title=\"\"><img loading=\"lazy\" decoding=\"async\" class=\"alignnone wp-image-775 size-full\" src=\"http:\/\/www.schuetzenverein-baerenthal.de\/wp-content\/uploads\/2016\/04\/a_Schutzenhaus_klein-1.jpg\" alt=\"a_Schutzenhaus_klein\" width=\"400\" height=\"240\" srcset=\"https:\/\/www.schuetzenverein-baerenthal.de\/wp-content\/uploads\/2016\/04\/a_Schutzenhaus_klein-1.jpg 400w, https:\/\/www.schuetzenverein-baerenthal.de\/wp-content\/uploads\/2016\/04\/a_Schutzenhaus_klein-1-300x180.jpg 300w\" sizes=\"(max-width: 400px) 100vw, 400px\" \/><\/a><\/td>\n<td><strong>\u00d6ffnungszeiten<\/strong><\/p>\n<p>Mittwoch: ab 18:30 Uhr<br \/>\nSamstag: ab 13:30 Uhr<br \/>\noder nach Vereinbarung<\/p>\n<p>F\u00fcr Geburtstage oder Familienfeiern (ca.60 Personen) stellen wir unser Sch\u00fctzenhaus gerne zur Verf\u00fcgung, schreiben sie uns an.<\/p>\n<p>F\u00fcr Mitglieder kostenlos, Nichtmitglieder f\u00fcr einen kleinen Unkostenbeitrag, bitte anfragen.<\/p>\n<p>Getr\u00e4nke m\u00fcssen \u00fcber den Verein bezogen werden<\/td>\n<\/tr>\n<tr>\n<td><strong>Wirtschaftsraum<br \/>\n<\/strong><a href=\"http:\/\/www.schuetzenverein-baerenthal.de\/wp-content\/uploads\/2016\/04\/gast2.jpg\" data-rel=\"lightbox-gallery-UrPfv4Kn\" data-rl_title=\"\" data-rl_caption=\"\" title=\"\"><img loading=\"lazy\" decoding=\"async\" class=\"alignnone wp-image-771 size-full\" src=\"http:\/\/www.schuetzenverein-baerenthal.de\/wp-content\/uploads\/2016\/04\/gast2.jpg\" alt=\"gast2\" width=\"350\" height=\"234\" srcset=\"https:\/\/www.schuetzenverein-baerenthal.de\/wp-content\/uploads\/2016\/04\/gast2.jpg 350w, https:\/\/www.schuetzenverein-baerenthal.de\/wp-content\/uploads\/2016\/04\/gast2-300x201.jpg 300w, https:\/\/www.schuetzenverein-baerenthal.de\/wp-content\/uploads\/2016\/04\/gast2-120x80.jpg 120w\" sizes=\"(max-width: 350px) 100vw, 350px\" \/><\/a><\/td>\n<td><strong>Wirtschaftsraum<\/strong><a href=\"http:\/\/www.schuetzenverein-baerenthal.de\/wp-content\/uploads\/2016\/04\/gaststatte.jpg\" data-rel=\"lightbox-gallery-UrPfv4Kn\" data-rl_title=\"\" data-rl_caption=\"\" title=\"\"><img loading=\"lazy\" decoding=\"async\" class=\"alignnone wp-image-770 size-full\" src=\"http:\/\/www.schuetzenverein-baerenthal.de\/wp-content\/uploads\/2016\/04\/gaststatte.jpg\" alt=\"gaststatte\" width=\"350\" height=\"234\" srcset=\"https:\/\/www.schuetzenverein-baerenthal.de\/wp-content\/uploads\/2016\/04\/gaststatte.jpg 350w, https:\/\/www.schuetzenverein-baerenthal.de\/wp-content\/uploads\/2016\/04\/gaststatte-300x201.jpg 300w, https:\/\/www.schuetzenverein-baerenthal.de\/wp-content\/uploads\/2016\/04\/gaststatte-120x80.jpg 120w\" sizes=\"(max-width: 350px) 100vw, 350px\" \/><\/a><\/td>\n<\/tr>\n<tr>\n<td>\u00a0<strong>Schie\u00dfanlage<br \/>\n<\/strong>8 Luftgewehr- und Luftpistolenst\u00e4nde<\/p>\n<p><a href=\"http:\/\/www.schuetzenverein-baerenthal.de\/wp-content\/uploads\/2016\/04\/luft.jpg\" data-rel=\"lightbox-gallery-UrPfv4Kn\" data-rl_title=\"\" data-rl_caption=\"\" title=\"\"><img loading=\"lazy\" decoding=\"async\" class=\"alignnone wp-image-773 size-full\" src=\"http:\/\/www.schuetzenverein-baerenthal.de\/wp-content\/uploads\/2016\/04\/luft.jpg\" alt=\"luft\" width=\"350\" height=\"234\" srcset=\"https:\/\/www.schuetzenverein-baerenthal.de\/wp-content\/uploads\/2016\/04\/luft.jpg 350w, https:\/\/www.schuetzenverein-baerenthal.de\/wp-content\/uploads\/2016\/04\/luft-300x201.jpg 300w, https:\/\/www.schuetzenverein-baerenthal.de\/wp-content\/uploads\/2016\/04\/luft-120x80.jpg 120w\" sizes=\"(max-width: 350px) 100vw, 350px\" \/><\/a><\/td>\n<td><strong>Schie\u00dfanlage<br \/>\n<\/strong>4 St\u00e4nde alle Kaliber (50m)<\/p>\n<p><a href=\"http:\/\/www.schuetzenverein-baerenthal.de\/wp-content\/uploads\/2016\/04\/50_m.jpg\" data-rel=\"lightbox-gallery-UrPfv4Kn\" data-rl_title=\"\" data-rl_caption=\"\" title=\"\"><img loading=\"lazy\" decoding=\"async\" class=\"alignnone wp-image-772 size-full\" src=\"http:\/\/www.schuetzenverein-baerenthal.de\/wp-content\/uploads\/2016\/04\/50_m.jpg\" alt=\"50_m\" width=\"350\" height=\"234\" srcset=\"https:\/\/www.schuetzenverein-baerenthal.de\/wp-content\/uploads\/2016\/04\/50_m.jpg 350w, https:\/\/www.schuetzenverein-baerenthal.de\/wp-content\/uploads\/2016\/04\/50_m-300x201.jpg 300w, https:\/\/www.schuetzenverein-baerenthal.de\/wp-content\/uploads\/2016\/04\/50_m-120x80.jpg 120w\" sizes=\"(max-width: 350px) 100vw, 350px\" \/><\/a><\/td>\n<\/tr>\n<\/tbody>\n<\/table>\n","protected":false},"excerpt":{"rendered":"<p>\u00a0 \u00d6ffnungszeiten Mittwoch: ab 18:30 Uhr Samstag: ab 13:30 Uhr oder nach Vereinbarung F\u00fcr Geburtstage oder Familienfeiern (ca.60 Personen) stellen wir unser Sch\u00fctzenhaus gerne zur Verf\u00fcgung, schreiben sie uns an.<\/p>\n","protected":false},"author":1,"featured_media":0,"parent":0,"menu_order":0,"comment_status":"closed","ping_status":"closed","template":"","meta":{"footnotes":""},"class_list":["post-88","page","type-page","status-publish","hentry"],"_links":{"self":[{"href":"https:\/\/www.schuetzenverein-baerenthal.de\/index.php\/wp-json\/wp\/v2\/pages\/88"}],"collection":[{"href":"https:\/\/www.schuetzenverein-baerenthal.de\/index.php\/wp-json\/wp\/v2\/pages"}],"about":[{"href":"https:\/\/www.schuetzenverein-baerenthal.de\/index.php\/wp-json\/wp\/v2\/types\/page"}],"author":[{"embeddable":true,"href":"https:\/\/www.schuetzenverein-baerenthal.de\/index.php\/wp-json\/wp\/v2\/users\/1"}],"replies":[{"embeddable":true,"href":"https:\/\/www.schuetzenverein-baerenthal.de\/index.php\/wp-json\/wp\/v2\/comments?post=88"}],"version-history":[{"count":9,"href":"https:\/\/www.schuetzenverein-baerenthal.de\/index.php\/wp-json\/wp\/v2\/pages\/88\/revisions"}],"predecessor-version":[{"id":2103,"href":"https:\/\/www.schuetzenverein-baerenthal.de\/index.php\/wp-json\/wp\/v2\/pages\/88\/revisions\/2103"}],"wp:attachment":[{"href":"https:\/\/www.schuetzenverein-baerenthal.de\/index.php\/wp-json\/wp\/v2\/media?parent=88"}],"curies":[{"name":"wp","href":"https:\/\/api.w.org\/{rel}","templated":true}]}}