{"id":91,"date":"2016-04-20T21:40:35","date_gmt":"2016-04-20T19:40:35","guid":{"rendered":"http:\/\/www.schuetzenverein-baerenthal.de\/?page_id=91"},"modified":"2026-01-05T10:00:02","modified_gmt":"2026-01-05T09:00:02","slug":"links","status":"publish","type":"page","link":"https:\/\/www.schuetzenverein-baerenthal.de\/index.php\/links\/","title":{"rendered":"Links"},"content":{"rendered":"<table style=\"height: 279px;\" width=\"524\">\n<tbody>\n<tr>\n<td><strong>Sch\u00fctzenkreis-Tuttlingen<\/strong><\/td>\n<td><strong>Schie\u00dfsportverb\u00e4nde<\/strong><\/td>\n<\/tr>\n<tr>\n<td><a href=\"http:\/\/www.sktut.de\/\" target=\"_blank\" rel=\"noopener\"><strong><img loading=\"lazy\" decoding=\"async\" class=\" size-full wp-image-11\" src=\"http:\/\/www.schuetzenverein-baerenthal.de\/wp-content\/uploads\/2013\/09\/a_logo-sktut-klein.gif\" alt=\"\" width=\"104\" height=\"99\" \/><\/strong><\/a><\/td>\n<td><strong><a href=\"https:\/\/www.dsb.de\/\" target=\"_blank\" rel=\"noopener\"><img loading=\"lazy\" decoding=\"async\" class=\"alignnone wp-image-12 size-full\" src=\"http:\/\/www.schuetzenverein-baerenthal.de\/wp-content\/uploads\/2013\/09\/logo-dsb.gif\" alt=\"\" width=\"86\" height=\"50\" \/><\/a>\u00a0<a href=\"https:\/\/rwk.region-swhz.de\/\" target=\"_blank\" rel=\"noopener\"><img loading=\"lazy\" decoding=\"async\" class=\" size-full wp-image-13\" src=\"http:\/\/www.schuetzenverein-baerenthal.de\/wp-content\/uploads\/2013\/09\/bezirkswappen.jpg\" alt=\"\" width=\"63\" height=\"70\" \/><\/a>\u00a0<a href=\"http:\/\/www.wsv1850.de\/\" target=\"_blank\" rel=\"noopener\"><img loading=\"lazy\" decoding=\"async\" class=\" size-full wp-image-14\" src=\"http:\/\/www.schuetzenverein-baerenthal.de\/wp-content\/uploads\/2013\/09\/wsv.jpg\" alt=\"\" width=\"60\" height=\"63\" \/><\/a><\/strong><\/td>\n<\/tr>\n<tr>\n<td><strong><strong>Fachpresse<br \/><\/strong><\/strong><a href=\"http:\/\/www.caliber.de\/\" target=\"_blank\" rel=\"noopener\">Caliber<\/a><br \/><a href=\"http:\/\/www.visier.de\/\" target=\"_blank\" rel=\"noopener\">Visier<\/a><br \/><a href=\"http:\/\/www.dwj.de\/\" target=\"_blank\" rel=\"noopener\">DWJ<\/a><\/td>\n<td><strong><strong>Sonstige Links<br \/><\/strong><\/strong><a href=\"http:\/\/egun.de\" target=\"_blank\" rel=\"noopener\">eGun<\/a><br \/><a href=\"https:\/\/www.baerenthal.de\/images\/Veranstaltungskalender\/Veranstaltungskalender_2026_Druckvorlage_V2.pdf\">Veranstaltungskalender Gemeinde B\u00e4renthal<\/a><\/td>\n<\/tr>\n<\/tbody>\n<\/table>\n\n\n<p><\/p>\n","protected":false},"excerpt":{"rendered":"<p>Sch\u00fctzenkreis-Tuttlingen Schie\u00dfsportverb\u00e4nde \u00a0\u00a0 FachpresseCaliberVisierDWJ Sonstige LinkseGunVeranstaltungskalender Gemeinde B\u00e4renthal<\/p>\n","protected":false},"author":1,"featured_media":0,"parent":0,"menu_order":0,"comment_status":"closed","ping_status":"closed","template":"","meta":{"footnotes":""},"class_list":["post-91","page","type-page","status-publish","hentry"],"_links":{"self":[{"href":"https:\/\/www.schuetzenverein-baerenthal.de\/index.php\/wp-json\/wp\/v2\/pages\/91"}],"collection":[{"href":"https:\/\/www.schuetzenverein-baerenthal.de\/index.php\/wp-json\/wp\/v2\/pages"}],"about":[{"href":"https:\/\/www.schuetzenverein-baerenthal.de\/index.php\/wp-json\/wp\/v2\/types\/page"}],"author":[{"embeddable":true,"href":"https:\/\/www.schuetzenverein-baerenthal.de\/index.php\/wp-json\/wp\/v2\/users\/1"}],"replies":[{"embeddable":true,"href":"https:\/\/www.schuetzenverein-baerenthal.de\/index.php\/wp-json\/wp\/v2\/comments?post=91"}],"version-history":[{"count":7,"href":"https:\/\/www.schuetzenverein-baerenthal.de\/index.php\/wp-json\/wp\/v2\/pages\/91\/revisions"}],"predecessor-version":[{"id":3240,"href":"https:\/\/www.schuetzenverein-baerenthal.de\/index.php\/wp-json\/wp\/v2\/pages\/91\/revisions\/3240"}],"wp:attachment":[{"href":"https:\/\/www.schuetzenverein-baerenthal.de\/index.php\/wp-json\/wp\/v2\/media?parent=91"}],"curies":[{"name":"wp","href":"https:\/\/api.w.org\/{rel}","templated":true}]}}